{"id":1444,"date":"2025-02-02T20:25:07","date_gmt":"2025-02-02T19:25:07","guid":{"rendered":"https:\/\/colivingpamplona.com\/?page_id=1444"},"modified":"2025-02-05T17:49:45","modified_gmt":"2025-02-05T16:49:45","slug":"servicios-y-sostenibilidad","status":"publish","type":"page","link":"https:\/\/colivingpamplona.com\/en\/servicios-y-sostenibilidad\/","title":{"rendered":"Services and sustainability"},"content":{"rendered":"\t\t<div data-elementor-type=\"wp-page\" data-elementor-id=\"1444\" class=\"elementor elementor-1444\" data-elementor-post-type=\"page\">\n\t\t\t\t<div class=\"elementor-element elementor-element-9c4967b e-flex e-con-boxed e-con e-parent\" data-id=\"9c4967b\" data-element_type=\"container\" data-e-type=\"container\" data-settings=\"{&quot;background_background&quot;:&quot;classic&quot;}\">\n\t\t\t\t\t<div class=\"e-con-inner\">\n\t\t\t\t\t<\/div>\n\t\t\t\t<\/div>\n\t\t<div class=\"elementor-element elementor-element-5bc0c56 e-con-full e-flex e-con e-parent\" data-id=\"5bc0c56\" data-element_type=\"container\" data-e-type=\"container\">\n\t\t<div class=\"elementor-element elementor-element-6d99851 e-con-full e-flex e-con e-child\" data-id=\"6d99851\" data-element_type=\"container\" data-e-type=\"container\" data-settings=\"{&quot;background_background&quot;:&quot;classic&quot;}\">\n\t\t\t\t<\/div>\n\t\t<div class=\"elementor-element elementor-element-2eafa83 e-con-full e-flex e-con e-child\" data-id=\"2eafa83\" data-element_type=\"container\" data-e-type=\"container\" data-settings=\"{&quot;background_background&quot;:&quot;classic&quot;}\">\n\t\t\t\t<div class=\"elementor-element elementor-element-f403529 elementor-widget elementor-widget-heading\" data-id=\"f403529\" data-element_type=\"widget\" data-e-type=\"widget\" data-widget_type=\"heading.default\">\n\t\t\t\t<div class=\"elementor-widget-container\">\n\t\t\t\t\t<h1 class=\"elementor-heading-title elementor-size-default\">Exclusive <span class=\"italica\">services<\/span><\/h1>\t\t\t\t<\/div>\n\t\t\t\t<\/div>\n\t\t\t\t<div class=\"elementor-element elementor-element-1a3fdbe elementor-widget elementor-widget-text-editor\" data-id=\"1a3fdbe\" data-element_type=\"widget\" data-e-type=\"widget\" data-widget_type=\"text-editor.default\">\n\t\t\t\t<div class=\"elementor-widget-container\">\n\t\t\t\t\t\t\t\t\t<p>At Coliving Pamplona we offer premium accommodation designed for comfort and community. Each guest enjoys their own fully equipped flat, with private storage room and access to shared spaces such as the garden, co-working area, gym and screening room. In addition, we include all utilities (electricity, water, high-speed internet and TV platforms) at no extra cost, ensuring a carefree experience.<\/p><p>Each flat is fully furnished and decorated in a warm and sophisticated style, thanks to the work of designer Jaione Elizalde. In addition, our weekly cleaning service with change of bed linen and towels guarantees an impeccable environment.<\/p><p>More than just accommodation, Coliving Pamplona is a community where coexistence is encouraged through shared experiences. We organise activities such as getaways, city tours and programmed dinners, creating a close and enriching atmosphere for our guests.<\/p>\t\t\t\t\t\t\t\t<\/div>\n\t\t\t\t<\/div>\n\t\t\t\t<div class=\"elementor-element elementor-element-80f1994 elementor-widget elementor-widget-button\" data-id=\"80f1994\" data-element_type=\"widget\" data-e-type=\"widget\" data-widget_type=\"button.default\">\n\t\t\t\t<div class=\"elementor-widget-container\">\n\t\t\t\t\t\t\t\t\t<div class=\"elementor-button-wrapper\">\n\t\t\t\t\t<a class=\"elementor-button elementor-button-link elementor-size-sm\" href=\"https:\/\/booking.avirato.com\/?code=31799645&#038;lang=en\" target=\"_blank\">\n\t\t\t\t\t\t<span class=\"elementor-button-content-wrapper\">\n\t\t\t\t\t\t\t\t\t<span class=\"elementor-button-text\">See availability<\/span>\n\t\t\t\t\t<\/span>\n\t\t\t\t\t<\/a>\n\t\t\t\t<\/div>\n\t\t\t\t\t\t\t\t<\/div>\n\t\t\t\t<\/div>\n\t\t\t\t<\/div>\n\t\t\t\t<\/div>\n\t\t<div class=\"elementor-element elementor-element-0512597 e-con-full e-flex e-con e-parent\" data-id=\"0512597\" data-element_type=\"container\" data-e-type=\"container\">\n\t\t<div class=\"elementor-element elementor-element-11bd231 e-con-full e-flex e-con e-child\" data-id=\"11bd231\" data-element_type=\"container\" data-e-type=\"container\" data-settings=\"{&quot;background_background&quot;:&quot;classic&quot;}\">\n\t\t\t\t<div class=\"elementor-element elementor-element-2817774 elementor-widget elementor-widget-heading\" data-id=\"2817774\" data-element_type=\"widget\" data-e-type=\"widget\" data-widget_type=\"heading.default\">\n\t\t\t\t<div class=\"elementor-widget-container\">\n\t\t\t\t\t<h1 class=\"elementor-heading-title elementor-size-default\">Commitment to <span class=\"italica\">sustainability<\/span><\/h1>\t\t\t\t<\/div>\n\t\t\t\t<\/div>\n\t\t\t\t<div class=\"elementor-element elementor-element-8f24236 elementor-widget elementor-widget-text-editor\" data-id=\"8f24236\" data-element_type=\"widget\" data-e-type=\"widget\" data-widget_type=\"text-editor.default\">\n\t\t\t\t<div class=\"elementor-widget-container\">\n\t\t\t\t\t\t\t\t\t<p>Since its conception, Coliving Pamplona has been designed to the highest standards of sustainability. We use state-of-the-art insulation materials, such as triple-glazed windows and double partition walls, optimising energy efficiency. We have an innovative underfloor heating and cooling system with aerothermics, as well as 24 photovoltaic solar panels that reduce the environmental impact.<\/p><p>We are also committed to saving water, with a rainwater collection system to irrigate a garden designed with low water consumption plants, avoiding lawns to minimise waste.<\/p><p>Our aim is to offer a quality, comfortable and environmentally responsible stay, guaranteeing a unique experience in Pamplona.<\/p><p>\u00a0<\/p>\t\t\t\t\t\t\t\t<\/div>\n\t\t\t\t<\/div>\n\t\t\t\t<div class=\"elementor-element elementor-element-82dfb1b elementor-widget elementor-widget-button\" data-id=\"82dfb1b\" data-element_type=\"widget\" data-e-type=\"widget\" data-widget_type=\"button.default\">\n\t\t\t\t<div class=\"elementor-widget-container\">\n\t\t\t\t\t\t\t\t\t<div class=\"elementor-button-wrapper\">\n\t\t\t\t\t<a class=\"elementor-button elementor-button-link elementor-size-sm\" href=\"https:\/\/booking.avirato.com\/?code=31799645&#038;lang=en\" target=\"_blank\">\n\t\t\t\t\t\t<span class=\"elementor-button-content-wrapper\">\n\t\t\t\t\t\t\t\t\t<span class=\"elementor-button-text\">See availability<\/span>\n\t\t\t\t\t<\/span>\n\t\t\t\t\t<\/a>\n\t\t\t\t<\/div>\n\t\t\t\t\t\t\t\t<\/div>\n\t\t\t\t<\/div>\n\t\t\t\t<\/div>\n\t\t<div class=\"elementor-element elementor-element-9c2b875 e-con-full e-flex e-con e-child\" data-id=\"9c2b875\" data-element_type=\"container\" data-e-type=\"container\" data-settings=\"{&quot;background_background&quot;:&quot;classic&quot;}\">\n\t\t\t\t<\/div>\n\t\t\t\t<\/div>\n\t\t\t\t<\/div>\n\t\t","protected":false},"excerpt":{"rendered":"<p>Exclusive services At Coliving Pamplona we offer premium accommodation designed for comfort and community. Each guest enjoys their own fully equipped flat, with private storage room and access to shared spaces such as the garden, co-working area, gym and screening room. In addition, we include all utilities (electricity, water, high-speed internet and TV platforms) at [&hellip;]<\/p>\n","protected":false},"author":1,"featured_media":0,"parent":0,"menu_order":0,"comment_status":"closed","ping_status":"closed","template":"elementor_header_footer","meta":{"footnotes":""},"class_list":["post-1444","page","type-page","status-publish","hentry"],"yoast_head":"<!-- This site is optimized with the Yoast SEO plugin v27.4 - https:\/\/yoast.com\/product\/yoast-seo-wordpress\/ -->\n<title>Services and sustainability - Ingl\u00e9s Coliving<\/title>\n<meta name=\"description\" content=\"Apartamentos completamente equipados, \u00e1rea de coworking, gimnasio, sala de proyecci\u00f3n, zonas comunes, servicios de limpieza, entre otros.\" \/>\n<meta name=\"robots\" content=\"index, follow, max-snippet:-1, max-image-preview:large, max-video-preview:-1\" \/>\n<link rel=\"canonical\" href=\"https:\/\/colivingpamplona.com\/en\/servicios-y-sostenibilidad\/\" \/>\n<meta property=\"og:locale\" content=\"es_ES\" \/>\n<meta property=\"og:type\" content=\"article\" \/>\n<meta property=\"og:title\" content=\"Services and sustainability - Ingl\u00e9s Coliving\" \/>\n<meta property=\"og:description\" content=\"Apartamentos completamente equipados, \u00e1rea de coworking, gimnasio, sala de proyecci\u00f3n, zonas comunes, servicios de limpieza, entre otros.\" \/>\n<meta property=\"og:url\" content=\"https:\/\/colivingpamplona.com\/en\/servicios-y-sostenibilidad\/\" \/>\n<meta property=\"og:site_name\" content=\"Ingl\u00e9s Coliving\" \/>\n<meta property=\"article:modified_time\" content=\"2025-02-05T16:49:45+00:00\" \/>\n<meta name=\"twitter:card\" content=\"summary_large_image\" \/>\n<meta name=\"twitter:label1\" content=\"Tiempo de lectura\" \/>\n\t<meta name=\"twitter:data1\" content=\"2 minutos\" \/>\n<script type=\"application\/ld+json\" class=\"yoast-schema-graph\">{\"@context\":\"https:\\\/\\\/schema.org\",\"@graph\":[{\"@type\":\"WebPage\",\"@id\":\"https:\\\/\\\/colivingpamplona.com\\\/en\\\/servicios-y-sostenibilidad\\\/\",\"url\":\"https:\\\/\\\/colivingpamplona.com\\\/en\\\/servicios-y-sostenibilidad\\\/\",\"name\":\"Services and sustainability - Ingl\u00e9s Coliving\",\"isPartOf\":{\"@id\":\"https:\\\/\\\/colivingpamplona.com\\\/en\\\/#website\"},\"datePublished\":\"2025-02-02T19:25:07+00:00\",\"dateModified\":\"2025-02-05T16:49:45+00:00\",\"description\":\"Apartamentos completamente equipados, \u00e1rea de coworking, gimnasio, sala de proyecci\u00f3n, zonas comunes, servicios de limpieza, entre otros.\",\"breadcrumb\":{\"@id\":\"https:\\\/\\\/colivingpamplona.com\\\/en\\\/servicios-y-sostenibilidad\\\/#breadcrumb\"},\"inLanguage\":\"es\",\"potentialAction\":[{\"@type\":\"ReadAction\",\"target\":[\"https:\\\/\\\/colivingpamplona.com\\\/en\\\/servicios-y-sostenibilidad\\\/\"]}]},{\"@type\":\"BreadcrumbList\",\"@id\":\"https:\\\/\\\/colivingpamplona.com\\\/en\\\/servicios-y-sostenibilidad\\\/#breadcrumb\",\"itemListElement\":[{\"@type\":\"ListItem\",\"position\":1,\"name\":\"Portada\",\"item\":\"https:\\\/\\\/colivingpamplona.com\\\/en\\\/\"},{\"@type\":\"ListItem\",\"position\":2,\"name\":\"Services and sustainability\"}]},{\"@type\":\"WebSite\",\"@id\":\"https:\\\/\\\/colivingpamplona.com\\\/en\\\/#website\",\"url\":\"https:\\\/\\\/colivingpamplona.com\\\/en\\\/\",\"name\":\"Ingl\u00e9s Coliving\",\"description\":\"Alojamiento corporativo en Pamplona\",\"publisher\":{\"@id\":\"https:\\\/\\\/colivingpamplona.com\\\/en\\\/#organization\"},\"potentialAction\":[{\"@type\":\"SearchAction\",\"target\":{\"@type\":\"EntryPoint\",\"urlTemplate\":\"https:\\\/\\\/colivingpamplona.com\\\/en\\\/?s={search_term_string}\"},\"query-input\":{\"@type\":\"PropertyValueSpecification\",\"valueRequired\":true,\"valueName\":\"search_term_string\"}}],\"inLanguage\":\"es\"},{\"@type\":\"Organization\",\"@id\":\"https:\\\/\\\/colivingpamplona.com\\\/en\\\/#organization\",\"name\":\"Ingl\u00e9s Coliving\",\"url\":\"https:\\\/\\\/colivingpamplona.com\\\/en\\\/\",\"logo\":{\"@type\":\"ImageObject\",\"inLanguage\":\"es\",\"@id\":\"https:\\\/\\\/colivingpamplona.com\\\/en\\\/#\\\/schema\\\/logo\\\/image\\\/\",\"url\":\"https:\\\/\\\/colivingpamplona.com\\\/en\\\/wp-content\\\/uploads\\\/sites\\\/2\\\/LOGO-TEMPORAL.webp\",\"contentUrl\":\"https:\\\/\\\/colivingpamplona.com\\\/en\\\/wp-content\\\/uploads\\\/sites\\\/2\\\/LOGO-TEMPORAL.webp\",\"width\":500,\"height\":128,\"caption\":\"Ingl\u00e9s Coliving\"},\"image\":{\"@id\":\"https:\\\/\\\/colivingpamplona.com\\\/en\\\/#\\\/schema\\\/logo\\\/image\\\/\"}}]}<\/script>\n<!-- \/ Yoast SEO plugin. -->","yoast_head_json":{"title":"Services and sustainability - Ingl\u00e9s Coliving","description":"Apartamentos completamente equipados, \u00e1rea de coworking, gimnasio, sala de proyecci\u00f3n, zonas comunes, servicios de limpieza, entre otros.","robots":{"index":"index","follow":"follow","max-snippet":"max-snippet:-1","max-image-preview":"max-image-preview:large","max-video-preview":"max-video-preview:-1"},"canonical":"https:\/\/colivingpamplona.com\/en\/servicios-y-sostenibilidad\/","og_locale":"es_ES","og_type":"article","og_title":"Services and sustainability - Ingl\u00e9s Coliving","og_description":"Apartamentos completamente equipados, \u00e1rea de coworking, gimnasio, sala de proyecci\u00f3n, zonas comunes, servicios de limpieza, entre otros.","og_url":"https:\/\/colivingpamplona.com\/en\/servicios-y-sostenibilidad\/","og_site_name":"Ingl\u00e9s Coliving","article_modified_time":"2025-02-05T16:49:45+00:00","twitter_card":"summary_large_image","twitter_misc":{"Tiempo de lectura":"2 minutos"},"schema":{"@context":"https:\/\/schema.org","@graph":[{"@type":"WebPage","@id":"https:\/\/colivingpamplona.com\/en\/servicios-y-sostenibilidad\/","url":"https:\/\/colivingpamplona.com\/en\/servicios-y-sostenibilidad\/","name":"Services and sustainability - Ingl\u00e9s Coliving","isPartOf":{"@id":"https:\/\/colivingpamplona.com\/en\/#website"},"datePublished":"2025-02-02T19:25:07+00:00","dateModified":"2025-02-05T16:49:45+00:00","description":"Apartamentos completamente equipados, \u00e1rea de coworking, gimnasio, sala de proyecci\u00f3n, zonas comunes, servicios de limpieza, entre otros.","breadcrumb":{"@id":"https:\/\/colivingpamplona.com\/en\/servicios-y-sostenibilidad\/#breadcrumb"},"inLanguage":"es","potentialAction":[{"@type":"ReadAction","target":["https:\/\/colivingpamplona.com\/en\/servicios-y-sostenibilidad\/"]}]},{"@type":"BreadcrumbList","@id":"https:\/\/colivingpamplona.com\/en\/servicios-y-sostenibilidad\/#breadcrumb","itemListElement":[{"@type":"ListItem","position":1,"name":"Portada","item":"https:\/\/colivingpamplona.com\/en\/"},{"@type":"ListItem","position":2,"name":"Services and sustainability"}]},{"@type":"WebSite","@id":"https:\/\/colivingpamplona.com\/en\/#website","url":"https:\/\/colivingpamplona.com\/en\/","name":"Ingl\u00e9s Coliving","description":"Alojamiento corporativo en Pamplona","publisher":{"@id":"https:\/\/colivingpamplona.com\/en\/#organization"},"potentialAction":[{"@type":"SearchAction","target":{"@type":"EntryPoint","urlTemplate":"https:\/\/colivingpamplona.com\/en\/?s={search_term_string}"},"query-input":{"@type":"PropertyValueSpecification","valueRequired":true,"valueName":"search_term_string"}}],"inLanguage":"es"},{"@type":"Organization","@id":"https:\/\/colivingpamplona.com\/en\/#organization","name":"Ingl\u00e9s Coliving","url":"https:\/\/colivingpamplona.com\/en\/","logo":{"@type":"ImageObject","inLanguage":"es","@id":"https:\/\/colivingpamplona.com\/en\/#\/schema\/logo\/image\/","url":"https:\/\/colivingpamplona.com\/en\/wp-content\/uploads\/sites\/2\/LOGO-TEMPORAL.webp","contentUrl":"https:\/\/colivingpamplona.com\/en\/wp-content\/uploads\/sites\/2\/LOGO-TEMPORAL.webp","width":500,"height":128,"caption":"Ingl\u00e9s Coliving"},"image":{"@id":"https:\/\/colivingpamplona.com\/en\/#\/schema\/logo\/image\/"}}]}},"_links":{"self":[{"href":"https:\/\/colivingpamplona.com\/en\/wp-json\/wp\/v2\/pages\/1444","targetHints":{"allow":["GET"]}}],"collection":[{"href":"https:\/\/colivingpamplona.com\/en\/wp-json\/wp\/v2\/pages"}],"about":[{"href":"https:\/\/colivingpamplona.com\/en\/wp-json\/wp\/v2\/types\/page"}],"author":[{"embeddable":true,"href":"https:\/\/colivingpamplona.com\/en\/wp-json\/wp\/v2\/users\/1"}],"replies":[{"embeddable":true,"href":"https:\/\/colivingpamplona.com\/en\/wp-json\/wp\/v2\/comments?post=1444"}],"version-history":[{"count":10,"href":"https:\/\/colivingpamplona.com\/en\/wp-json\/wp\/v2\/pages\/1444\/revisions"}],"predecessor-version":[{"id":1952,"href":"https:\/\/colivingpamplona.com\/en\/wp-json\/wp\/v2\/pages\/1444\/revisions\/1952"}],"wp:attachment":[{"href":"https:\/\/colivingpamplona.com\/en\/wp-json\/wp\/v2\/media?parent=1444"}],"curies":[{"name":"wp","href":"https:\/\/api.w.org\/{rel}","templated":true}]}}